{"id":38852,"date":"2024-06-21T11:53:26","date_gmt":"2024-08-01T18:24:27","guid":{"rendered":"https:\/\/troycity.net\/product\/unkategorisiert\/puffy\/"},"modified":"2024-09-13T01:07:16","modified_gmt":"2024-09-12T23:07:16","slug":"puffy","status":"publish","type":"product","link":"https:\/\/troycity.net\/de\/product\/puffy\/","title":{"rendered":"PUFFY"},"content":{"rendered":"<p>Umsetzung von Handstricken:<\/p>\n<p><iframe loading=\"lazy\" title=\"&quot;\u015ei\u015f Yok - T\u0131\u011f Yok&quot; Has\u0131r \u00d6rg\u00fc Tekni\u011fi - &quot;No Needles - No Hooks&quot; Herringbone Knitting  #battaniye\" width=\"720\" height=\"405\" src=\"https:\/\/www.youtube.com\/embed\/ADor5zGJ-jA?feature=oembed\" frameborder=\"0\" allow=\"accelerometer; autoplay; clipboard-write; encrypted-media; gyroscope; picture-in-picture; web-share\" referrerpolicy=\"strict-origin-when-cross-origin\" allowfullscreen><\/iframe><\/p>\n","protected":false},"excerpt":{"rendered":"<p>&nbsp;<\/p>\n<ul class=\"a-unordered-list a-vertical a-spacing-mini\">\n<li class=\"a-spacing-mini\">Alize Puffy, 100% Micropolyester Handstrickgarn weich. Es ist eine Innovation, die fast \u00fcberall auf der Welt patentiert ist. Es ist das erste in der Welt!<\/li>\n<li class=\"a-spacing-mini\"><span class=\"a-list-item\">Jede Kugel Gewicht: 100 g (3,5 oz) L\u00e4nge: ca. 9,2 Meter (9,8 Yards), Superdick.<\/span><\/li>\n<li>Sie brauchen keinen Haken und keine Nadel. Sie stricken einfach mit Ihren Fingern. Super einfach zu stricken und schneller als herk\u00f6mmliches Stricken. Es gibt viele Videos auf YouTube.<\/li>\n<li>Eine gro\u00dfe Decke kann in wenigen Stunden hergestellt werden. Perfekt f\u00fcr Decken, Kissen, Schals, M\u00fctzen, Taschen, Strickjacken, Jacken, Blusen, Babyspielzeug und mehr.<\/li>\n<li>Jahreszeiten: Herbst\/Winter.<\/li>\n<li>Handw\u00e4sche bei 40\u00b0C, nicht bleichen, bei niedriger Temperatur b\u00fcgeln, vorzugsweise ohne Dampf, nicht im Trockner trocknen.<\/li>\n<\/ul>\n","protected":false},"featured_media":29672,"comment_status":"open","ping_status":"closed","template":"","meta":{"iawp_total_views":1},"product_brand":[],"product_cat":[2153],"product_tag":[4495,5687,5541],"class_list":{"0":"post-38852","1":"product","2":"type-product","3":"status-publish","4":"has-post-thumbnail","6":"product_cat-wintergarne","7":"product_tag-alize-de-2","8":"product_tag-dick","9":"product_tag-handgestrickt","10":"post","11":"post-with-thumbnail","12":"post-with-thumbnail-large","14":"first","15":"instock","16":"sale","17":"taxable","18":"shipping-taxable","19":"purchasable","20":"product-type-variable","21":"has-default-attributes"},"_links":{"self":[{"href":"https:\/\/troycity.net\/de\/wp-json\/wp\/v2\/product\/38852","targetHints":{"allow":["GET"]}}],"collection":[{"href":"https:\/\/troycity.net\/de\/wp-json\/wp\/v2\/product"}],"about":[{"href":"https:\/\/troycity.net\/de\/wp-json\/wp\/v2\/types\/product"}],"replies":[{"embeddable":true,"href":"https:\/\/troycity.net\/de\/wp-json\/wp\/v2\/comments?post=38852"}],"wp:featuredmedia":[{"embeddable":true,"href":"https:\/\/troycity.net\/de\/wp-json\/wp\/v2\/media\/29672"}],"wp:attachment":[{"href":"https:\/\/troycity.net\/de\/wp-json\/wp\/v2\/media?parent=38852"}],"wp:term":[{"taxonomy":"product_brand","embeddable":true,"href":"https:\/\/troycity.net\/de\/wp-json\/wp\/v2\/product_brand?post=38852"},{"taxonomy":"product_cat","embeddable":true,"href":"https:\/\/troycity.net\/de\/wp-json\/wp\/v2\/product_cat?post=38852"},{"taxonomy":"product_tag","embeddable":true,"href":"https:\/\/troycity.net\/de\/wp-json\/wp\/v2\/product_tag?post=38852"}],"curies":[{"name":"wp","href":"https:\/\/api.w.org\/{rel}","templated":true}]}}