{"id":38692,"date":"2024-06-24T12:49:10","date_gmt":"2024-08-01T17:49:29","guid":{"rendered":"https:\/\/troycity.net\/product\/unkategorisiert\/puffy-color\/"},"modified":"2024-08-01T19:49:29","modified_gmt":"2024-08-01T17:49:29","slug":"puffy-color","status":"publish","type":"product","link":"https:\/\/troycity.net\/de\/product\/puffy-color\/","title":{"rendered":"PUFFY COLOR"},"content":{"rendered":"","protected":false},"excerpt":{"rendered":"<ul class=\"a-unordered-list a-vertical a-spacing-mini\">\n<li class=\"a-spacing-mini\"><span class=\"a-list-item\">100% Micropolyester handgestricktes, weiches Alize-Garn. Diese Innovation ist fast \u00fcberall auf der Welt patentiert. Der erste der Welt!<\/span><\/li>\n<li class=\"a-spacing-mini\"><span class=\"a-list-item\">Jede Kugel Gewicht: 100 g (3,5 oz) L\u00e4nge: ca. 9,2 Meter. (9,8 Yards), Superdick.<\/span><\/li>\n<li>Sie brauchen keinen Haken und keine Nadel. Sie stricken einfach mit Ihren Fingern. Super einfach zu stricken und schneller als herk\u00f6mmliches Stricken.<\/li>\n<li>Eine gro\u00dfe Decke kann in wenigen Stunden hergestellt werden. Perfekt f\u00fcr Decken, Kissen, Schals, M\u00fctzen, Taschen, Strickjacken, Blusen, Jacken, Babyspielzeug und mehr.<\/li>\n<li>Jahreszeiten: Herbst\/Winter.<\/li>\n<li>Handw\u00e4sche bei 40\u00b0C, nicht bleichen, bei niedriger Temperatur b\u00fcgeln, vorzugsweise ohne Dampf, nicht im Trockner trocknen.<\/li>\n<\/ul>\n","protected":false},"featured_media":30512,"comment_status":"open","ping_status":"closed","template":"","meta":{"iawp_total_views":1},"product_brand":[],"product_cat":[2153],"product_tag":[],"class_list":{"0":"post-38692","1":"product","2":"type-product","3":"status-publish","4":"has-post-thumbnail","6":"product_cat-wintergarne","7":"post","8":"post-with-thumbnail","9":"post-with-thumbnail-large","11":"first","12":"instock","13":"sale","14":"taxable","15":"shipping-taxable","16":"purchasable","17":"product-type-variable"},"_links":{"self":[{"href":"https:\/\/troycity.net\/de\/wp-json\/wp\/v2\/product\/38692","targetHints":{"allow":["GET"]}}],"collection":[{"href":"https:\/\/troycity.net\/de\/wp-json\/wp\/v2\/product"}],"about":[{"href":"https:\/\/troycity.net\/de\/wp-json\/wp\/v2\/types\/product"}],"replies":[{"embeddable":true,"href":"https:\/\/troycity.net\/de\/wp-json\/wp\/v2\/comments?post=38692"}],"wp:featuredmedia":[{"embeddable":true,"href":"https:\/\/troycity.net\/de\/wp-json\/wp\/v2\/media\/30512"}],"wp:attachment":[{"href":"https:\/\/troycity.net\/de\/wp-json\/wp\/v2\/media?parent=38692"}],"wp:term":[{"taxonomy":"product_brand","embeddable":true,"href":"https:\/\/troycity.net\/de\/wp-json\/wp\/v2\/product_brand?post=38692"},{"taxonomy":"product_cat","embeddable":true,"href":"https:\/\/troycity.net\/de\/wp-json\/wp\/v2\/product_cat?post=38692"},{"taxonomy":"product_tag","embeddable":true,"href":"https:\/\/troycity.net\/de\/wp-json\/wp\/v2\/product_tag?post=38692"}],"curies":[{"name":"wp","href":"https:\/\/api.w.org\/{rel}","templated":true}]}}