{"id":38024,"date":"2024-07-30T20:46:40","date_gmt":"2024-07-30T18:46:45","guid":{"rendered":"https:\/\/troycity.net\/?post_type=product&#038;p=38024"},"modified":"2024-09-13T11:50:19","modified_gmt":"2024-09-13T09:50:19","slug":"extra","status":"publish","type":"product","link":"https:\/\/troycity.net\/de\/product\/extra\/","title":{"rendered":"EXTRA"},"content":{"rendered":"","protected":false},"excerpt":{"rendered":"<ul>\n<li>Alize Extra, 100% Polyacryl-Garn.<\/li>\n<li>100 Gramm &#8211; 220 m pro Ball, der Preis versteht sich pro Ball und inklusive Mehrwertsteuer.<\/li>\n<li>Stricknadelgr\u00f6\u00dfe; 2,5 &#8211; 4 mm<\/li>\n<li>H\u00e4kelnadel Gr\u00f6\u00dfe; 2 \u2013 4mm<\/li>\n<li><label>Jahreszeiten;<\/label> Herbst, Winter<\/li>\n<\/ul>\n<p> Alize Extra Handstrickseil ist ein klassisches Seil, das f\u00fcr alle Zwecke geeignet ist. Es zeichnet sich durch seine reiche Farbvielfalt aus. Es ist ein Produkt aus der Herbst-Winter-Kollektion. Es eignet sich f\u00fcr Strickjacken, Westen, Pullover, Fasern, Schuhe, Accessoires und viele andere Strickarbeiten.   <\/p>\n","protected":false},"featured_media":38353,"comment_status":"open","ping_status":"closed","template":"","meta":{"iawp_total_views":1},"product_brand":[],"product_cat":[2153],"product_tag":[2160,4495,2161],"class_list":{"0":"post-38024","1":"product","2":"type-product","3":"status-publish","4":"has-post-thumbnail","6":"product_cat-wintergarne","7":"product_tag-acryl","8":"product_tag-alize-de-2","9":"product_tag-winter-de","10":"post","11":"post-with-thumbnail","12":"post-with-thumbnail-large","14":"first","15":"instock","16":"sale","17":"taxable","18":"shipping-taxable","19":"purchasable","20":"product-type-variable"},"_links":{"self":[{"href":"https:\/\/troycity.net\/de\/wp-json\/wp\/v2\/product\/38024","targetHints":{"allow":["GET"]}}],"collection":[{"href":"https:\/\/troycity.net\/de\/wp-json\/wp\/v2\/product"}],"about":[{"href":"https:\/\/troycity.net\/de\/wp-json\/wp\/v2\/types\/product"}],"replies":[{"embeddable":true,"href":"https:\/\/troycity.net\/de\/wp-json\/wp\/v2\/comments?post=38024"}],"wp:featuredmedia":[{"embeddable":true,"href":"https:\/\/troycity.net\/de\/wp-json\/wp\/v2\/media\/38353"}],"wp:attachment":[{"href":"https:\/\/troycity.net\/de\/wp-json\/wp\/v2\/media?parent=38024"}],"wp:term":[{"taxonomy":"product_brand","embeddable":true,"href":"https:\/\/troycity.net\/de\/wp-json\/wp\/v2\/product_brand?post=38024"},{"taxonomy":"product_cat","embeddable":true,"href":"https:\/\/troycity.net\/de\/wp-json\/wp\/v2\/product_cat?post=38024"},{"taxonomy":"product_tag","embeddable":true,"href":"https:\/\/troycity.net\/de\/wp-json\/wp\/v2\/product_tag?post=38024"}],"curies":[{"name":"wp","href":"https:\/\/api.w.org\/{rel}","templated":true}]}}