{"id":36030,"date":"2024-07-23T15:37:37","date_gmt":"2024-07-23T13:37:42","guid":{"rendered":"https:\/\/troycity.net\/?post_type=product&#038;p=36030"},"modified":"2024-08-01T15:15:03","modified_gmt":"2024-08-01T13:15:03","slug":"bella-ombre-batik","status":"publish","type":"product","link":"https:\/\/troycity.net\/de\/product\/bella-ombre-batik\/","title":{"rendered":"BELLA OMBRE BATIK"},"content":{"rendered":"","protected":false},"excerpt":{"rendered":"<ul>\n<li>100% Baumwolle<\/li>\n<li>1 Gro\u00dfer Strang (Kn\u00e4uel) = 899,8 Meter (984,0 Yards), 250 Gramm<\/li>\n<li>Stricknadelgr\u00f6\u00dfe; 2 &#8211; 4 mm, H\u00e4kelnadelgr\u00f6\u00dfe; 1 &#8211; 3 mm<\/li>\n<li><label>Jahreszeiten<\/label>; Fr\u00fchling, Sommer<\/li>\n<li>Von Hand waschbar bei 30C oder 86F, flach und sauber trocknen, nicht bleichen, nicht b\u00fcgeln<\/li>\n<li>Der Preis versteht sich pro Ball und ist inklusive Mehrwertsteuer<\/li>\n<\/ul>\n<p><strong>Alize Bella Ombre Batik Yarn Colours;<\/strong> Die Alize Bella Ombre Batik Garne sind eine Produktserie, die mit ihren Farb\u00fcberg\u00e4ngen und ihrer einfachen Handhabung die Aufmerksamkeit auf sich zieht. Es bietet Farboptionen wie Lila, Burgunderrot, Rosa, Blau, Gelb, Bunt, Rot, Flieder, Lachs, Smaragdgr\u00fcn, Creme, Puder und Gr\u00fcnt\u00f6ne. Es ist ein Garn, das zur Kollektion der Sommersaison geh\u00f6rt.<\/p>\n<p><strong>Was kann man mit Alize Bella Ombre Batik Garn stricken?<\/strong> Die Alize Bella Ombre Batik Handstrickseile bestehen aus Kn\u00e4ueln, bei denen die Farben auf sanfte und harmonische Weise ineinander \u00fcbergehen. Strickprojekte werden durch die Sch\u00f6nheit der Farb\u00fcberg\u00e4nge noch angenehmer. Westen, Strickjacken, Baskenm\u00fctzen, Pullover und Decken k\u00f6nnen mit den Alize Bella Ombre Batik Handstrickgarnen gestrickt werden.<\/p>\n","protected":false},"featured_media":36187,"comment_status":"open","ping_status":"closed","template":"","meta":{"iawp_total_views":0},"product_brand":[],"product_cat":[2151],"product_tag":[],"class_list":{"0":"post-36030","1":"product","2":"type-product","3":"status-publish","4":"has-post-thumbnail","6":"product_cat-sommergarne","7":"post","8":"post-with-thumbnail","9":"post-with-thumbnail-large","11":"first","12":"instock","13":"sale","14":"taxable","15":"shipping-taxable","16":"purchasable","17":"product-type-variable"},"_links":{"self":[{"href":"https:\/\/troycity.net\/de\/wp-json\/wp\/v2\/product\/36030","targetHints":{"allow":["GET"]}}],"collection":[{"href":"https:\/\/troycity.net\/de\/wp-json\/wp\/v2\/product"}],"about":[{"href":"https:\/\/troycity.net\/de\/wp-json\/wp\/v2\/types\/product"}],"replies":[{"embeddable":true,"href":"https:\/\/troycity.net\/de\/wp-json\/wp\/v2\/comments?post=36030"}],"wp:featuredmedia":[{"embeddable":true,"href":"https:\/\/troycity.net\/de\/wp-json\/wp\/v2\/media\/36187"}],"wp:attachment":[{"href":"https:\/\/troycity.net\/de\/wp-json\/wp\/v2\/media?parent=36030"}],"wp:term":[{"taxonomy":"product_brand","embeddable":true,"href":"https:\/\/troycity.net\/de\/wp-json\/wp\/v2\/product_brand?post=36030"},{"taxonomy":"product_cat","embeddable":true,"href":"https:\/\/troycity.net\/de\/wp-json\/wp\/v2\/product_cat?post=36030"},{"taxonomy":"product_tag","embeddable":true,"href":"https:\/\/troycity.net\/de\/wp-json\/wp\/v2\/product_tag?post=36030"}],"curies":[{"name":"wp","href":"https:\/\/api.w.org\/{rel}","templated":true}]}}