{"id":34988,"date":"2024-07-18T21:22:09","date_gmt":"2024-07-18T19:22:12","guid":{"rendered":"https:\/\/troycity.net\/?post_type=product&#038;p=34988"},"modified":"2024-09-13T23:17:50","modified_gmt":"2024-09-13T21:17:50","slug":"angora-gold-batik","status":"publish","type":"product","link":"https:\/\/troycity.net\/de\/product\/angora-gold-batik\/","title":{"rendered":"ANGORA GOLD BATIK"},"content":{"rendered":"","protected":false},"excerpt":{"rendered":"<ul>\n<li>Angora Gold Batik, 20 % Wolle, 80 % Acryl Garn<\/li>\n<li>100 Gramm &#8211; 550 Meter pro Ball, der Preis versteht sich pro Ball und inklusive Mehrwertsteuer.<\/li>\n<li>Stricknadelgr\u00f6\u00dfe; 3 &#8211; 6 mm<\/li>\n<li>H\u00e4keln Haken Gr\u00f6\u00dfe; 1 &#8211; 3 mm<\/li>\n<li><label>Jahreszeiten;<\/label> Herbst, Winter<\/li>\n<li>Es kann f\u00fcr verschiedene Arten von Projekten wie Schals, Pullover, Westen, Kleider, Strickjacken usw. verwendet werden.<\/li>\n<\/ul>\n","protected":false},"featured_media":35988,"comment_status":"open","ping_status":"closed","template":"","meta":{"iawp_total_views":0},"product_brand":[],"product_cat":[2153],"product_tag":[2160,3422,2161,3421],"class_list":{"0":"post-34988","1":"product","2":"type-product","3":"status-publish","4":"has-post-thumbnail","6":"product_cat-wintergarne","7":"product_tag-acryl","8":"product_tag-herbst","9":"product_tag-winter-de","10":"product_tag-wolle","11":"post","12":"post-with-thumbnail","13":"post-with-thumbnail-large","15":"first","16":"instock","17":"sale","18":"taxable","19":"shipping-taxable","20":"purchasable","21":"product-type-variable"},"_links":{"self":[{"href":"https:\/\/troycity.net\/de\/wp-json\/wp\/v2\/product\/34988","targetHints":{"allow":["GET"]}}],"collection":[{"href":"https:\/\/troycity.net\/de\/wp-json\/wp\/v2\/product"}],"about":[{"href":"https:\/\/troycity.net\/de\/wp-json\/wp\/v2\/types\/product"}],"replies":[{"embeddable":true,"href":"https:\/\/troycity.net\/de\/wp-json\/wp\/v2\/comments?post=34988"}],"wp:featuredmedia":[{"embeddable":true,"href":"https:\/\/troycity.net\/de\/wp-json\/wp\/v2\/media\/35988"}],"wp:attachment":[{"href":"https:\/\/troycity.net\/de\/wp-json\/wp\/v2\/media?parent=34988"}],"wp:term":[{"taxonomy":"product_brand","embeddable":true,"href":"https:\/\/troycity.net\/de\/wp-json\/wp\/v2\/product_brand?post=34988"},{"taxonomy":"product_cat","embeddable":true,"href":"https:\/\/troycity.net\/de\/wp-json\/wp\/v2\/product_cat?post=34988"},{"taxonomy":"product_tag","embeddable":true,"href":"https:\/\/troycity.net\/de\/wp-json\/wp\/v2\/product_tag?post=34988"}],"curies":[{"name":"wp","href":"https:\/\/api.w.org\/{rel}","templated":true}]}}