{"id":33195,"date":"2024-07-11T13:58:47","date_gmt":"2024-07-11T11:58:52","guid":{"rendered":"https:\/\/troycity.net\/?post_type=product&#038;p=33195"},"modified":"2024-09-13T00:52:55","modified_gmt":"2024-09-12T22:52:55","slug":"superlana-klasik-2","status":"publish","type":"product","link":"https:\/\/troycity.net\/de\/product\/superlana-klasik-2\/","title":{"rendered":"SUPERLANA MAXI"},"content":{"rendered":"","protected":false},"excerpt":{"rendered":"<ul>\n<li>Alize Super Lana Maxi, 25 % Wolle, 75 % Acrylgarn<\/li>\n<li>100 Gramm &#8211; 100 Meter pro Kugel, der Preis versteht sich pro Kugel und inklusive Mehrwertsteuer.<\/li>\n<li>Stricknadelgr\u00f6\u00dfe; 8 &#8211; 10 mm<\/li>\n<li>H\u00e4keln Haken Gr\u00f6\u00dfe; 5 \u2013 7 mm<\/li>\n<li><label>Jahreszeiten;<\/label> Herbst, Winter<\/li>\n<li>Dickes Handstrickgarn, das sich zum Stricken von Pullovern, Strickjacken, Westen, Pullis, Accessoires, Schals, T\u00fcchern und vielem mehr eignet.<\/li>\n<\/ul>\n","protected":false},"featured_media":33529,"comment_status":"open","ping_status":"closed","template":"","meta":{"iawp_total_views":1},"product_brand":[],"product_cat":[2153],"product_tag":[2160,3422,2161,3421],"class_list":{"0":"post-33195","1":"product","2":"type-product","3":"status-publish","4":"has-post-thumbnail","6":"product_cat-wintergarne","7":"product_tag-acryl","8":"product_tag-herbst","9":"product_tag-winter-de","10":"product_tag-wolle","11":"post","12":"post-with-thumbnail","13":"post-with-thumbnail-large","15":"first","16":"instock","17":"sale","18":"taxable","19":"shipping-taxable","20":"purchasable","21":"product-type-variable","22":"has-default-attributes"},"_links":{"self":[{"href":"https:\/\/troycity.net\/de\/wp-json\/wp\/v2\/product\/33195","targetHints":{"allow":["GET"]}}],"collection":[{"href":"https:\/\/troycity.net\/de\/wp-json\/wp\/v2\/product"}],"about":[{"href":"https:\/\/troycity.net\/de\/wp-json\/wp\/v2\/types\/product"}],"replies":[{"embeddable":true,"href":"https:\/\/troycity.net\/de\/wp-json\/wp\/v2\/comments?post=33195"}],"wp:featuredmedia":[{"embeddable":true,"href":"https:\/\/troycity.net\/de\/wp-json\/wp\/v2\/media\/33529"}],"wp:attachment":[{"href":"https:\/\/troycity.net\/de\/wp-json\/wp\/v2\/media?parent=33195"}],"wp:term":[{"taxonomy":"product_brand","embeddable":true,"href":"https:\/\/troycity.net\/de\/wp-json\/wp\/v2\/product_brand?post=33195"},{"taxonomy":"product_cat","embeddable":true,"href":"https:\/\/troycity.net\/de\/wp-json\/wp\/v2\/product_cat?post=33195"},{"taxonomy":"product_tag","embeddable":true,"href":"https:\/\/troycity.net\/de\/wp-json\/wp\/v2\/product_tag?post=33195"}],"curies":[{"name":"wp","href":"https:\/\/api.w.org\/{rel}","templated":true}]}}