{"id":28502,"date":"2024-06-11T15:45:19","date_gmt":"2024-06-11T13:45:23","guid":{"rendered":"https:\/\/troycity.net\/?post_type=product&#038;p=28502"},"modified":"2024-09-13T00:40:06","modified_gmt":"2024-09-12T22:40:06","slug":"velluto","status":"publish","type":"product","link":"https:\/\/troycity.net\/de\/product\/velluto\/","title":{"rendered":"VELLUTO"},"content":{"rendered":"","protected":false},"excerpt":{"rendered":"<ul>\n<li>Alize Velluto, %100 Micropolyester sehr weiches und samtiges Garn<\/li>\n<li>100 Gramm &#8211; 68 Meter pro Kugel,<\/li>\n<li>Stricknadelgr\u00f6\u00dfe; 8 &#8211; 9mm<\/li>\n<li>H\u00e4kelnadel Gr\u00f6\u00dfe; 8 &#8211; 10mm<\/li>\n<li><label>Jahreszeiten;<\/label> Herbst und Winter<\/li>\n<li>Der Preis versteht sich pro Ball und ist inklusive Mehrwertsteuer.<\/li>\n<\/ul>\n<p>Hochwertiges Garn, auch f\u00fcr Babys und Kinder geeignet. Aufgrund seiner sehr feinen Weichheit empfehlen wir es f\u00fcr alle Arten von Kleidern, Decken, Schals, M\u00fctzen, Stiefeln, Booties, Spielzeug und Babykleidung. Geeignet f\u00fcr alle Handstrickprodukte. Es kann bei 30 Grad in der Waschmaschine gewaschen werden, gerade oder flach.<\/p>\n","protected":false},"featured_media":28476,"comment_status":"open","ping_status":"closed","template":"","meta":{"iawp_total_views":2},"product_brand":[],"product_cat":[2149],"product_tag":[4495,4496,4497],"class_list":{"0":"post-28502","1":"product","2":"type-product","3":"status-publish","4":"has-post-thumbnail","6":"product_cat-babygarne","7":"product_tag-alize-de-2","8":"product_tag-merzerisieren","9":"product_tag-sommer","10":"post","11":"post-with-thumbnail","12":"post-with-thumbnail-large","14":"first","15":"instock","16":"sale","17":"taxable","18":"shipping-taxable","19":"purchasable","20":"product-type-variable"},"_links":{"self":[{"href":"https:\/\/troycity.net\/de\/wp-json\/wp\/v2\/product\/28502","targetHints":{"allow":["GET"]}}],"collection":[{"href":"https:\/\/troycity.net\/de\/wp-json\/wp\/v2\/product"}],"about":[{"href":"https:\/\/troycity.net\/de\/wp-json\/wp\/v2\/types\/product"}],"replies":[{"embeddable":true,"href":"https:\/\/troycity.net\/de\/wp-json\/wp\/v2\/comments?post=28502"}],"wp:featuredmedia":[{"embeddable":true,"href":"https:\/\/troycity.net\/de\/wp-json\/wp\/v2\/media\/28476"}],"wp:attachment":[{"href":"https:\/\/troycity.net\/de\/wp-json\/wp\/v2\/media?parent=28502"}],"wp:term":[{"taxonomy":"product_brand","embeddable":true,"href":"https:\/\/troycity.net\/de\/wp-json\/wp\/v2\/product_brand?post=28502"},{"taxonomy":"product_cat","embeddable":true,"href":"https:\/\/troycity.net\/de\/wp-json\/wp\/v2\/product_cat?post=28502"},{"taxonomy":"product_tag","embeddable":true,"href":"https:\/\/troycity.net\/de\/wp-json\/wp\/v2\/product_tag?post=28502"}],"curies":[{"name":"wp","href":"https:\/\/api.w.org\/{rel}","templated":true}]}}