{"id":25858,"date":"2021-06-17T10:27:18","date_gmt":"2021-06-17T09:27:23","guid":{"rendered":"https:\/\/troycity.net\/?post_type=product&#038;p=25858"},"modified":"2024-08-14T17:31:02","modified_gmt":"2024-08-14T15:31:02","slug":"bahar-batik","status":"publish","type":"product","link":"https:\/\/troycity.net\/de\/product\/bahar-batik\/","title":{"rendered":"BAHAR BATIK"},"content":{"rendered":"","protected":false},"excerpt":{"rendered":"<ul>\n<li>100% Mercerisiertes(Coton) Alize Garn<\/li>\n<li>100 Gramm &#8211; 260 m pro Ball, der Preis versteht sich pro Ball und inklusive Mehrwertsteuer.<\/li>\n<li>Stricken Nadel Gr\u00f6\u00dfe; 4 \u2013 6 mm<\/li>\n<li>H\u00e4kelnadel Gr\u00f6\u00dfe; 2 \u2013 4mm<\/li>\n<li><label>Jahreszeiten;<\/label> Sommer, Herbst<\/li>\n<\/ul>\n","protected":false},"featured_media":26127,"comment_status":"open","ping_status":"closed","template":"","meta":{"iawp_total_views":25},"product_brand":[],"product_cat":[2151],"product_tag":[4495,4496,4497],"class_list":{"0":"post-25858","1":"product","2":"type-product","3":"status-publish","4":"has-post-thumbnail","6":"product_cat-sommergarne","7":"product_tag-alize-de-2","8":"product_tag-merzerisieren","9":"product_tag-sommer","10":"post","11":"post-with-thumbnail","12":"post-with-thumbnail-large","14":"first","15":"instock","16":"sale","17":"taxable","18":"shipping-taxable","19":"purchasable","20":"product-type-variable"},"_links":{"self":[{"href":"https:\/\/troycity.net\/de\/wp-json\/wp\/v2\/product\/25858","targetHints":{"allow":["GET"]}}],"collection":[{"href":"https:\/\/troycity.net\/de\/wp-json\/wp\/v2\/product"}],"about":[{"href":"https:\/\/troycity.net\/de\/wp-json\/wp\/v2\/types\/product"}],"replies":[{"embeddable":true,"href":"https:\/\/troycity.net\/de\/wp-json\/wp\/v2\/comments?post=25858"}],"wp:featuredmedia":[{"embeddable":true,"href":"https:\/\/troycity.net\/de\/wp-json\/wp\/v2\/media\/26127"}],"wp:attachment":[{"href":"https:\/\/troycity.net\/de\/wp-json\/wp\/v2\/media?parent=25858"}],"wp:term":[{"taxonomy":"product_brand","embeddable":true,"href":"https:\/\/troycity.net\/de\/wp-json\/wp\/v2\/product_brand?post=25858"},{"taxonomy":"product_cat","embeddable":true,"href":"https:\/\/troycity.net\/de\/wp-json\/wp\/v2\/product_cat?post=25858"},{"taxonomy":"product_tag","embeddable":true,"href":"https:\/\/troycity.net\/de\/wp-json\/wp\/v2\/product_tag?post=25858"}],"curies":[{"name":"wp","href":"https:\/\/api.w.org\/{rel}","templated":true}]}}