{"id":25588,"date":"2021-06-16T11:46:33","date_gmt":"2021-06-16T10:47:34","guid":{"rendered":"https:\/\/troycity.net\/?post_type=product&#038;p=25588"},"modified":"2021-06-19T17:04:29","modified_gmt":"2021-06-19T16:04:29","slug":"bahar","status":"publish","type":"product","link":"https:\/\/troycity.net\/de\/product\/bahar\/","title":{"rendered":"BAHAR"},"content":{"rendered":"","protected":false},"excerpt":{"rendered":"<ul>\n<li>100% Mercerisiertes (Baumwolle) Alize Garn<\/li>\n<li>100 Gramm \u2013 260 m pro Kn\u00e4uel, der Preis gilt pro Kn\u00e4uel und ist inklusive Mehrwertsteuer.<\/li>\n<li>Stricknadelgr\u00f6\u00dfe; 4 \u2013 6 mm<\/li>\n<li>H\u00e4kelnadelgr\u00f6\u00dfe; 2 \u2013 4 mm<\/li>\n<li>Jahreszeiten; Sommer, Herbst<\/li>\n<\/ul>\n","protected":false},"featured_media":26011,"comment_status":"open","ping_status":"closed","template":"","meta":{"iawp_total_views":34},"product_brand":[],"product_cat":[2151],"product_tag":[4495,4496,4497],"class_list":{"0":"post-25588","1":"product","2":"type-product","3":"status-publish","4":"has-post-thumbnail","6":"product_cat-sommergarne","7":"product_tag-alize-de-2","8":"product_tag-merzerisieren","9":"product_tag-sommer","10":"post","11":"post-with-thumbnail","12":"post-with-thumbnail-large","14":"first","15":"instock","16":"sale","17":"taxable","18":"shipping-taxable","19":"purchasable","20":"product-type-variable"},"_links":{"self":[{"href":"https:\/\/troycity.net\/de\/wp-json\/wp\/v2\/product\/25588","targetHints":{"allow":["GET"]}}],"collection":[{"href":"https:\/\/troycity.net\/de\/wp-json\/wp\/v2\/product"}],"about":[{"href":"https:\/\/troycity.net\/de\/wp-json\/wp\/v2\/types\/product"}],"replies":[{"embeddable":true,"href":"https:\/\/troycity.net\/de\/wp-json\/wp\/v2\/comments?post=25588"}],"wp:featuredmedia":[{"embeddable":true,"href":"https:\/\/troycity.net\/de\/wp-json\/wp\/v2\/media\/26011"}],"wp:attachment":[{"href":"https:\/\/troycity.net\/de\/wp-json\/wp\/v2\/media?parent=25588"}],"wp:term":[{"taxonomy":"product_brand","embeddable":true,"href":"https:\/\/troycity.net\/de\/wp-json\/wp\/v2\/product_brand?post=25588"},{"taxonomy":"product_cat","embeddable":true,"href":"https:\/\/troycity.net\/de\/wp-json\/wp\/v2\/product_cat?post=25588"},{"taxonomy":"product_tag","embeddable":true,"href":"https:\/\/troycity.net\/de\/wp-json\/wp\/v2\/product_tag?post=25588"}],"curies":[{"name":"wp","href":"https:\/\/api.w.org\/{rel}","templated":true}]}}