{"id":23746,"date":"2020-01-04T17:39:10","date_gmt":"2020-01-04T16:39:03","guid":{"rendered":"https:\/\/troycity.net\/?post_type=product&#038;p=23746"},"modified":"2024-08-02T13:30:23","modified_gmt":"2024-08-02T11:30:23","slug":"burcum","status":"publish","type":"product","link":"https:\/\/troycity.net\/de\/product\/burcum\/","title":{"rendered":"BURCUM KLASIK"},"content":{"rendered":"","protected":false},"excerpt":{"rendered":"<ul>\n<li>100% Acryl Alize Garn<\/li>\n<li>100 Gramm \u2013 210 m pro Ball, der Preis ist pro Ball.<\/li>\n<li>Stricken Nadel Gr\u00f6\u00dfe; 4 \u2013 5 mm<\/li>\n<li>H\u00e4kelnadel Gr\u00f6\u00dfe; 2 \u2013 4mm<\/li>\n<li><label>Jahreszeiten;<\/label> Herbst, Winter<\/li>\n<\/ul>\n","protected":false},"featured_media":35584,"comment_status":"open","ping_status":"closed","template":"","meta":{"iawp_total_views":0},"product_brand":[],"product_cat":[2153],"product_tag":[2160,4495,2161],"class_list":{"0":"post-23746","1":"product","2":"type-product","3":"status-publish","4":"has-post-thumbnail","6":"product_cat-wintergarne","7":"product_tag-acryl","8":"product_tag-alize-de-2","9":"product_tag-winter-de","10":"post","11":"post-with-thumbnail","12":"post-with-thumbnail-large","14":"first","15":"instock","16":"sale","17":"taxable","18":"shipping-taxable","19":"purchasable","20":"product-type-variable"},"_links":{"self":[{"href":"https:\/\/troycity.net\/de\/wp-json\/wp\/v2\/product\/23746","targetHints":{"allow":["GET"]}}],"collection":[{"href":"https:\/\/troycity.net\/de\/wp-json\/wp\/v2\/product"}],"about":[{"href":"https:\/\/troycity.net\/de\/wp-json\/wp\/v2\/types\/product"}],"replies":[{"embeddable":true,"href":"https:\/\/troycity.net\/de\/wp-json\/wp\/v2\/comments?post=23746"}],"wp:featuredmedia":[{"embeddable":true,"href":"https:\/\/troycity.net\/de\/wp-json\/wp\/v2\/media\/35584"}],"wp:attachment":[{"href":"https:\/\/troycity.net\/de\/wp-json\/wp\/v2\/media?parent=23746"}],"wp:term":[{"taxonomy":"product_brand","embeddable":true,"href":"https:\/\/troycity.net\/de\/wp-json\/wp\/v2\/product_brand?post=23746"},{"taxonomy":"product_cat","embeddable":true,"href":"https:\/\/troycity.net\/de\/wp-json\/wp\/v2\/product_cat?post=23746"},{"taxonomy":"product_tag","embeddable":true,"href":"https:\/\/troycity.net\/de\/wp-json\/wp\/v2\/product_tag?post=23746"}],"curies":[{"name":"wp","href":"https:\/\/api.w.org\/{rel}","templated":true}]}}