{"id":21009,"date":"2019-08-10T15:57:03","date_gmt":"2019-12-30T18:20:40","guid":{"rendered":"https:\/\/troycity.net\/product\/superlana-batik\/"},"modified":"2024-08-02T13:56:56","modified_gmt":"2024-08-02T11:56:56","slug":"superlana-batik","status":"publish","type":"product","link":"https:\/\/troycity.net\/de\/product\/superlana-batik\/","title":{"rendered":"SUPERLANA KLASIK BATIK"},"content":{"rendered":"","protected":false},"excerpt":{"rendered":"<ul>\n<li>25% Wolle, 75% Acryl<\/li>\n<li>100 Gramm \u2013 280 m pro Ball, der Preis ist pro Ball<\/li>\n<li>Stricken Nadel Gr\u00f6\u00dfe; 5 \u2013 6 mm<\/li>\n<li>H\u00e4kelnadel Gr\u00f6\u00dfe; 3 &#8211; 4 mm<\/li>\n<li><label>Jahreszeiten;<\/label> Herbst, Winter<\/li>\n<\/ul>\n","protected":false},"featured_media":21016,"comment_status":"open","ping_status":"closed","template":"","meta":{"iawp_total_views":0},"product_brand":[],"product_cat":[2153],"product_tag":[],"class_list":{"0":"post-21009","1":"product","2":"type-product","3":"status-publish","4":"has-post-thumbnail","6":"product_cat-wintergarne","7":"post","8":"post-with-thumbnail","9":"post-with-thumbnail-large","11":"first","12":"instock","13":"sale","14":"taxable","15":"shipping-taxable","16":"purchasable","17":"product-type-variable"},"_links":{"self":[{"href":"https:\/\/troycity.net\/de\/wp-json\/wp\/v2\/product\/21009","targetHints":{"allow":["GET"]}}],"collection":[{"href":"https:\/\/troycity.net\/de\/wp-json\/wp\/v2\/product"}],"about":[{"href":"https:\/\/troycity.net\/de\/wp-json\/wp\/v2\/types\/product"}],"replies":[{"embeddable":true,"href":"https:\/\/troycity.net\/de\/wp-json\/wp\/v2\/comments?post=21009"}],"wp:featuredmedia":[{"embeddable":true,"href":"https:\/\/troycity.net\/de\/wp-json\/wp\/v2\/media\/21016"}],"wp:attachment":[{"href":"https:\/\/troycity.net\/de\/wp-json\/wp\/v2\/media?parent=21009"}],"wp:term":[{"taxonomy":"product_brand","embeddable":true,"href":"https:\/\/troycity.net\/de\/wp-json\/wp\/v2\/product_brand?post=21009"},{"taxonomy":"product_cat","embeddable":true,"href":"https:\/\/troycity.net\/de\/wp-json\/wp\/v2\/product_cat?post=21009"},{"taxonomy":"product_tag","embeddable":true,"href":"https:\/\/troycity.net\/de\/wp-json\/wp\/v2\/product_tag?post=21009"}],"curies":[{"name":"wp","href":"https:\/\/api.w.org\/{rel}","templated":true}]}}