{"id":20495,"date":"2019-08-09T15:32:11","date_gmt":"2019-12-30T17:14:06","guid":{"rendered":"https:\/\/troycity.net\/product\/superlana-klasik\/"},"modified":"2024-09-13T23:39:28","modified_gmt":"2024-09-13T21:39:28","slug":"superlana-klasik","status":"publish","type":"product","link":"https:\/\/troycity.net\/de\/product\/superlana-klasik\/","title":{"rendered":"SUPERLANA KLASIK"},"content":{"rendered":"","protected":false},"excerpt":{"rendered":"<ul>\n<li>Alize Superlana Klasik, 25% Wolle, 75% Acryl Garn.<\/li>\n<li>100 Gramm \u2013 280 m pro Ball, der Preis ist pro Ball<\/li>\n<li>Stricken Nadel Gr\u00f6\u00dfe; 5 \u2013 6 mm<\/li>\n<li>H\u00e4kelnadel Gr\u00f6\u00dfe; 3 &#8211; 4 mm<\/li>\n<li><label>Jahreszeiten;<\/label> Herbst, Winter<\/li>\n<\/ul>\n","protected":false},"featured_media":20496,"comment_status":"open","ping_status":"closed","template":"","meta":{"iawp_total_views":0},"product_brand":[],"product_cat":[2153],"product_tag":[2160,3422,2161,3421],"class_list":{"0":"post-20495","1":"product","2":"type-product","3":"status-publish","4":"has-post-thumbnail","6":"product_cat-wintergarne","7":"product_tag-acryl","8":"product_tag-herbst","9":"product_tag-winter-de","10":"product_tag-wolle","11":"post","12":"post-with-thumbnail","13":"post-with-thumbnail-large","15":"first","16":"instock","17":"sale","18":"taxable","19":"shipping-taxable","20":"purchasable","21":"product-type-variable"},"_links":{"self":[{"href":"https:\/\/troycity.net\/de\/wp-json\/wp\/v2\/product\/20495","targetHints":{"allow":["GET"]}}],"collection":[{"href":"https:\/\/troycity.net\/de\/wp-json\/wp\/v2\/product"}],"about":[{"href":"https:\/\/troycity.net\/de\/wp-json\/wp\/v2\/types\/product"}],"replies":[{"embeddable":true,"href":"https:\/\/troycity.net\/de\/wp-json\/wp\/v2\/comments?post=20495"}],"wp:featuredmedia":[{"embeddable":true,"href":"https:\/\/troycity.net\/de\/wp-json\/wp\/v2\/media\/20496"}],"wp:attachment":[{"href":"https:\/\/troycity.net\/de\/wp-json\/wp\/v2\/media?parent=20495"}],"wp:term":[{"taxonomy":"product_brand","embeddable":true,"href":"https:\/\/troycity.net\/de\/wp-json\/wp\/v2\/product_brand?post=20495"},{"taxonomy":"product_cat","embeddable":true,"href":"https:\/\/troycity.net\/de\/wp-json\/wp\/v2\/product_cat?post=20495"},{"taxonomy":"product_tag","embeddable":true,"href":"https:\/\/troycity.net\/de\/wp-json\/wp\/v2\/product_tag?post=20495"}],"curies":[{"name":"wp","href":"https:\/\/api.w.org\/{rel}","templated":true}]}}