{"id":20317,"date":"2019-07-17T14:57:26","date_gmt":"2019-12-30T16:10:29","guid":{"rendered":"https:\/\/troycity.net\/product\/burcum-batik\/"},"modified":"2024-08-02T20:28:55","modified_gmt":"2024-08-02T18:28:55","slug":"burcum-batik","status":"publish","type":"product","link":"https:\/\/troycity.net\/de\/product\/burcum-batik\/","title":{"rendered":"BURCUM BATIK"},"content":{"rendered":"","protected":false},"excerpt":{"rendered":"<ul>\n<li>100% Acryl<\/li>\n<li>100 Gramm &#8211; 210 m pro Ball, der Preis versteht sich pro Ball und inklusive Mehrwertsteuer.<\/li>\n<li>Stricken Nadel Gr\u00f6\u00dfe; 4 \u2013 6 mm<\/li>\n<li>H\u00e4kelnadel Gr\u00f6\u00dfe; 2 \u2013 4mm<\/li>\n<li><label>Jahreszeiten;<\/label> Herbst, Winter<\/li>\n<\/ul>\n","protected":false},"featured_media":35861,"comment_status":"open","ping_status":"closed","template":"","meta":{"iawp_total_views":0},"product_brand":[],"product_cat":[2153],"product_tag":[],"class_list":{"0":"post-20317","1":"product","2":"type-product","3":"status-publish","4":"has-post-thumbnail","6":"product_cat-wintergarne","7":"post","8":"post-with-thumbnail","9":"post-with-thumbnail-large","11":"first","12":"instock","13":"sale","14":"taxable","15":"shipping-taxable","16":"purchasable","17":"product-type-variable"},"_links":{"self":[{"href":"https:\/\/troycity.net\/de\/wp-json\/wp\/v2\/product\/20317","targetHints":{"allow":["GET"]}}],"collection":[{"href":"https:\/\/troycity.net\/de\/wp-json\/wp\/v2\/product"}],"about":[{"href":"https:\/\/troycity.net\/de\/wp-json\/wp\/v2\/types\/product"}],"replies":[{"embeddable":true,"href":"https:\/\/troycity.net\/de\/wp-json\/wp\/v2\/comments?post=20317"}],"wp:featuredmedia":[{"embeddable":true,"href":"https:\/\/troycity.net\/de\/wp-json\/wp\/v2\/media\/35861"}],"wp:attachment":[{"href":"https:\/\/troycity.net\/de\/wp-json\/wp\/v2\/media?parent=20317"}],"wp:term":[{"taxonomy":"product_brand","embeddable":true,"href":"https:\/\/troycity.net\/de\/wp-json\/wp\/v2\/product_brand?post=20317"},{"taxonomy":"product_cat","embeddable":true,"href":"https:\/\/troycity.net\/de\/wp-json\/wp\/v2\/product_cat?post=20317"},{"taxonomy":"product_tag","embeddable":true,"href":"https:\/\/troycity.net\/de\/wp-json\/wp\/v2\/product_tag?post=20317"}],"curies":[{"name":"wp","href":"https:\/\/api.w.org\/{rel}","templated":true}]}}