{"id":19654,"date":"2019-07-21T14:11:25","date_gmt":"2019-12-29T17:18:52","guid":{"rendered":"https:\/\/troycity.net\/product\/diva-batik\/"},"modified":"2024-08-02T19:34:36","modified_gmt":"2024-08-02T17:34:36","slug":"diva-batik-2","status":"publish","type":"product","link":"https:\/\/troycity.net\/de\/product\/diva-batik-2\/","title":{"rendered":"DIVA BATIK"},"content":{"rendered":"","protected":false},"excerpt":{"rendered":"<ul>\n<li>100% Mikrofaser-Acryl<\/li>\n<li>100 Gramm \u2013 350 m pro Ball, der Preis ist pro Ball und Mehrwertsteuer ist inbegriffen<\/li>\n<li>Stricken Nadel Gr\u00f6\u00dfe; 2,5 \u20133, 5 mm<\/li>\n<li>H\u00e4keln Haken Gr\u00f6\u00dfe; 1 \u2013 3 mm<\/li>\n<li><label>Jahreszeiten<\/label>; Fr\u00fchling, Sommer<\/li>\n<\/ul>\n","protected":false},"featured_media":19655,"comment_status":"open","ping_status":"closed","template":"","meta":{"iawp_total_views":3},"product_brand":[],"product_cat":[2151],"product_tag":[],"class_list":{"0":"post-19654","1":"product","2":"type-product","3":"status-publish","4":"has-post-thumbnail","6":"product_cat-sommergarne","7":"post","8":"post-with-thumbnail","9":"post-with-thumbnail-large","11":"first","12":"instock","13":"sale","14":"taxable","15":"shipping-taxable","16":"purchasable","17":"product-type-variable"},"_links":{"self":[{"href":"https:\/\/troycity.net\/de\/wp-json\/wp\/v2\/product\/19654","targetHints":{"allow":["GET"]}}],"collection":[{"href":"https:\/\/troycity.net\/de\/wp-json\/wp\/v2\/product"}],"about":[{"href":"https:\/\/troycity.net\/de\/wp-json\/wp\/v2\/types\/product"}],"replies":[{"embeddable":true,"href":"https:\/\/troycity.net\/de\/wp-json\/wp\/v2\/comments?post=19654"}],"wp:featuredmedia":[{"embeddable":true,"href":"https:\/\/troycity.net\/de\/wp-json\/wp\/v2\/media\/19655"}],"wp:attachment":[{"href":"https:\/\/troycity.net\/de\/wp-json\/wp\/v2\/media?parent=19654"}],"wp:term":[{"taxonomy":"product_brand","embeddable":true,"href":"https:\/\/troycity.net\/de\/wp-json\/wp\/v2\/product_brand?post=19654"},{"taxonomy":"product_cat","embeddable":true,"href":"https:\/\/troycity.net\/de\/wp-json\/wp\/v2\/product_cat?post=19654"},{"taxonomy":"product_tag","embeddable":true,"href":"https:\/\/troycity.net\/de\/wp-json\/wp\/v2\/product_tag?post=19654"}],"curies":[{"name":"wp","href":"https:\/\/api.w.org\/{rel}","templated":true}]}}