{"id":19404,"date":"2019-07-24T15:05:09","date_gmt":"2019-12-29T15:20:58","guid":{"rendered":"https:\/\/troycity.net\/product\/cotton-gold-hobby\/"},"modified":"2024-08-02T14:37:18","modified_gmt":"2024-08-02T12:37:18","slug":"cotton-gold-hobby-2","status":"publish","type":"product","link":"https:\/\/troycity.net\/de\/product\/cotton-gold-hobby-2\/","title":{"rendered":"COTTON GOLD HOBBY NEW"},"content":{"rendered":"","protected":false},"excerpt":{"rendered":"<ul>\n<li>55% Kotton 45% Akril<\/li>\n<li>50 Gramm &#8211; 165 m pro Ball, der Preis versteht sich pro Ball und inklusive Mehrwertsteuer.<\/li>\n<li>Stricken Nadel Gr\u00f6\u00dfe; 3,5 &#8211; 5 mm<\/li>\n<li>H\u00e4keln Haken Gr\u00f6\u00dfe; 1 &#8211; 3 mm<\/li>\n<li><label>Jahreszeiten<\/label>; Fr\u00fchling, Sommer<\/li>\n<li>50g-Garnkn\u00e4uel sind besser f\u00fcr Amugurimi-Projekte geeignet<\/li>\n<\/ul>\n","protected":false},"featured_media":32927,"comment_status":"open","ping_status":"closed","template":"","meta":{"iawp_total_views":0},"product_brand":[],"product_cat":[2151],"product_tag":[2160,2947,2312,2948],"class_list":{"0":"post-19404","1":"product","2":"type-product","3":"status-publish","4":"has-post-thumbnail","6":"product_cat-sommergarne","7":"product_tag-acryl","8":"product_tag-amigurimi-de","9":"product_tag-baumwolle","10":"product_tag-spring-de","11":"post","12":"post-with-thumbnail","13":"post-with-thumbnail-large","15":"first","16":"instock","17":"sale","18":"taxable","19":"shipping-taxable","20":"purchasable","21":"product-type-variable"},"_links":{"self":[{"href":"https:\/\/troycity.net\/de\/wp-json\/wp\/v2\/product\/19404","targetHints":{"allow":["GET"]}}],"collection":[{"href":"https:\/\/troycity.net\/de\/wp-json\/wp\/v2\/product"}],"about":[{"href":"https:\/\/troycity.net\/de\/wp-json\/wp\/v2\/types\/product"}],"replies":[{"embeddable":true,"href":"https:\/\/troycity.net\/de\/wp-json\/wp\/v2\/comments?post=19404"}],"wp:featuredmedia":[{"embeddable":true,"href":"https:\/\/troycity.net\/de\/wp-json\/wp\/v2\/media\/32927"}],"wp:attachment":[{"href":"https:\/\/troycity.net\/de\/wp-json\/wp\/v2\/media?parent=19404"}],"wp:term":[{"taxonomy":"product_brand","embeddable":true,"href":"https:\/\/troycity.net\/de\/wp-json\/wp\/v2\/product_brand?post=19404"},{"taxonomy":"product_cat","embeddable":true,"href":"https:\/\/troycity.net\/de\/wp-json\/wp\/v2\/product_cat?post=19404"},{"taxonomy":"product_tag","embeddable":true,"href":"https:\/\/troycity.net\/de\/wp-json\/wp\/v2\/product_tag?post=19404"}],"curies":[{"name":"wp","href":"https:\/\/api.w.org\/{rel}","templated":true}]}}