{"id":19264,"date":"2019-07-23T16:51:26","date_gmt":"2019-12-29T14:46:51","guid":{"rendered":"https:\/\/troycity.net\/product\/cotton-gold-batik\/"},"modified":"2024-08-02T14:50:17","modified_gmt":"2024-08-02T12:50:17","slug":"cotton-gold-batik","status":"publish","type":"product","link":"https:\/\/troycity.net\/de\/product\/cotton-gold-batik\/","title":{"rendered":"COTTON GOLD BATIK"},"content":{"rendered":"","protected":false},"excerpt":{"rendered":"<ul>\n<li>55% Kotton 45% Akril<\/li>\n<li>100 Gramm \u2013 330 m pro Ball, der Preis ist pro Ball und Mehrwertsteuer ist inbegriffen<\/li>\n<li>Stricken Nadel Gr\u00f6\u00dfe; 3,5 &#8211; 5 mm<\/li>\n<li>H\u00e4keln Haken Gr\u00f6\u00dfe; 1 &#8211; 3 mm<\/li>\n<li><label>Jahreszeiten<\/label>; Fr\u00fchling, Sommer<\/li>\n<\/ul>\n","protected":false},"featured_media":32576,"comment_status":"open","ping_status":"closed","template":"","meta":{"iawp_total_views":0},"product_brand":[],"product_cat":[2151],"product_tag":[],"class_list":{"0":"post-19264","1":"product","2":"type-product","3":"status-publish","4":"has-post-thumbnail","6":"product_cat-sommergarne","7":"post","8":"post-with-thumbnail","9":"post-with-thumbnail-large","11":"first","12":"instock","13":"sale","14":"taxable","15":"shipping-taxable","16":"purchasable","17":"product-type-variable"},"_links":{"self":[{"href":"https:\/\/troycity.net\/de\/wp-json\/wp\/v2\/product\/19264","targetHints":{"allow":["GET"]}}],"collection":[{"href":"https:\/\/troycity.net\/de\/wp-json\/wp\/v2\/product"}],"about":[{"href":"https:\/\/troycity.net\/de\/wp-json\/wp\/v2\/types\/product"}],"replies":[{"embeddable":true,"href":"https:\/\/troycity.net\/de\/wp-json\/wp\/v2\/comments?post=19264"}],"wp:featuredmedia":[{"embeddable":true,"href":"https:\/\/troycity.net\/de\/wp-json\/wp\/v2\/media\/32576"}],"wp:attachment":[{"href":"https:\/\/troycity.net\/de\/wp-json\/wp\/v2\/media?parent=19264"}],"wp:term":[{"taxonomy":"product_brand","embeddable":true,"href":"https:\/\/troycity.net\/de\/wp-json\/wp\/v2\/product_brand?post=19264"},{"taxonomy":"product_cat","embeddable":true,"href":"https:\/\/troycity.net\/de\/wp-json\/wp\/v2\/product_cat?post=19264"},{"taxonomy":"product_tag","embeddable":true,"href":"https:\/\/troycity.net\/de\/wp-json\/wp\/v2\/product_tag?post=19264"}],"curies":[{"name":"wp","href":"https:\/\/api.w.org\/{rel}","templated":true}]}}