{"id":18937,"date":"2019-07-22T22:06:35","date_gmt":"2019-12-29T13:51:14","guid":{"rendered":"https:\/\/troycity.net\/product\/bella-batik\/"},"modified":"2024-08-02T15:38:55","modified_gmt":"2024-08-02T13:38:55","slug":"bella-batik","status":"publish","type":"product","link":"https:\/\/troycity.net\/de\/product\/bella-batik\/","title":{"rendered":"BELLA BATIK"},"content":{"rendered":"","protected":false},"excerpt":{"rendered":"<ul>\n<li>100% Baumwolle<\/li>\n<li>100 Gramm &#8211; 360 Meter pro Kugel, der Preis versteht sich pro Kugel und inklusive Mehrwertsteuer.<\/li>\n<li>Stricken Nadel Gr\u00f6\u00dfe; 2 &#8211; 4 mm<\/li>\n<li>H\u00e4keln Haken Gr\u00f6\u00dfe; 1 \u2013 3 mm<\/li>\n<li><label>Jahreszeiten<\/label>; Fr\u00fchling, Sommer<\/li>\n<\/ul>\n","protected":false},"featured_media":36314,"comment_status":"open","ping_status":"closed","template":"","meta":{"iawp_total_views":30},"product_brand":[],"product_cat":[2151],"product_tag":[],"class_list":{"0":"post-18937","1":"product","2":"type-product","3":"status-publish","4":"has-post-thumbnail","6":"product_cat-sommergarne","7":"post","8":"post-with-thumbnail","9":"post-with-thumbnail-large","11":"first","12":"instock","13":"sale","14":"taxable","15":"shipping-taxable","16":"purchasable","17":"product-type-variable"},"_links":{"self":[{"href":"https:\/\/troycity.net\/de\/wp-json\/wp\/v2\/product\/18937","targetHints":{"allow":["GET"]}}],"collection":[{"href":"https:\/\/troycity.net\/de\/wp-json\/wp\/v2\/product"}],"about":[{"href":"https:\/\/troycity.net\/de\/wp-json\/wp\/v2\/types\/product"}],"replies":[{"embeddable":true,"href":"https:\/\/troycity.net\/de\/wp-json\/wp\/v2\/comments?post=18937"}],"wp:featuredmedia":[{"embeddable":true,"href":"https:\/\/troycity.net\/de\/wp-json\/wp\/v2\/media\/36314"}],"wp:attachment":[{"href":"https:\/\/troycity.net\/de\/wp-json\/wp\/v2\/media?parent=18937"}],"wp:term":[{"taxonomy":"product_brand","embeddable":true,"href":"https:\/\/troycity.net\/de\/wp-json\/wp\/v2\/product_brand?post=18937"},{"taxonomy":"product_cat","embeddable":true,"href":"https:\/\/troycity.net\/de\/wp-json\/wp\/v2\/product_cat?post=18937"},{"taxonomy":"product_tag","embeddable":true,"href":"https:\/\/troycity.net\/de\/wp-json\/wp\/v2\/product_tag?post=18937"}],"curies":[{"name":"wp","href":"https:\/\/api.w.org\/{rel}","templated":true}]}}