{"id":18445,"date":"2019-07-31T14:54:26","date_gmt":"2019-12-28T18:25:32","guid":{"rendered":"https:\/\/troycity.net\/product\/sekerim-bebe-batik\/"},"modified":"2024-08-02T14:26:27","modified_gmt":"2024-08-02T12:26:27","slug":"sekerim-bebe-batik-2","status":"publish","type":"product","link":"https:\/\/troycity.net\/de\/product\/sekerim-bebe-batik-2\/","title":{"rendered":"SEKERIM BATIK"},"content":{"rendered":"","protected":false},"excerpt":{"rendered":"<ul>\n<li>Sekerim Bebe Batik Buntes Acryl Babygarn, 100% Acryl<\/li>\n<li>100 Gramm \u2013 170 m pro Ball, der Preis ist pro Ball und Mehrwertsteuer ist inbegriffen.<\/li>\n<li>Stricknadelgr\u00f6\u00dfe; 3 &#8211; 4 mm, H\u00e4kelnadelgr\u00f6\u00dfe; 2 &#8211; 4mm<\/li>\n<li><label>Jahreszeiten;<\/label> Herbst, Winter<\/li>\n<li>Eine gute Wahl f\u00fcr Babykleider, Babydecken und Amigurumi.<\/li>\n<\/ul>\n","protected":false},"featured_media":36629,"comment_status":"open","ping_status":"closed","template":"","meta":{"iawp_total_views":0},"product_brand":[],"product_cat":[2149,2153],"product_tag":[5536],"class_list":{"0":"post-18445","1":"product","2":"type-product","3":"status-publish","4":"has-post-thumbnail","6":"product_cat-babygarne","7":"product_cat-wintergarne","8":"product_tag-amigurumi-de","9":"post","10":"post-with-thumbnail","11":"post-with-thumbnail-large","13":"first","14":"instock","15":"sale","16":"taxable","17":"shipping-taxable","18":"purchasable","19":"product-type-variable"},"_links":{"self":[{"href":"https:\/\/troycity.net\/de\/wp-json\/wp\/v2\/product\/18445","targetHints":{"allow":["GET"]}}],"collection":[{"href":"https:\/\/troycity.net\/de\/wp-json\/wp\/v2\/product"}],"about":[{"href":"https:\/\/troycity.net\/de\/wp-json\/wp\/v2\/types\/product"}],"replies":[{"embeddable":true,"href":"https:\/\/troycity.net\/de\/wp-json\/wp\/v2\/comments?post=18445"}],"wp:featuredmedia":[{"embeddable":true,"href":"https:\/\/troycity.net\/de\/wp-json\/wp\/v2\/media\/36629"}],"wp:attachment":[{"href":"https:\/\/troycity.net\/de\/wp-json\/wp\/v2\/media?parent=18445"}],"wp:term":[{"taxonomy":"product_brand","embeddable":true,"href":"https:\/\/troycity.net\/de\/wp-json\/wp\/v2\/product_brand?post=18445"},{"taxonomy":"product_cat","embeddable":true,"href":"https:\/\/troycity.net\/de\/wp-json\/wp\/v2\/product_cat?post=18445"},{"taxonomy":"product_tag","embeddable":true,"href":"https:\/\/troycity.net\/de\/wp-json\/wp\/v2\/product_tag?post=18445"}],"curies":[{"name":"wp","href":"https:\/\/api.w.org\/{rel}","templated":true}]}}