{"id":18226,"date":"2019-07-20T21:10:20","date_gmt":"2019-12-28T16:25:55","guid":{"rendered":"https:\/\/troycity.net\/product\/baby-best-batik\/"},"modified":"2024-08-02T19:40:59","modified_gmt":"2024-08-02T17:40:59","slug":"baby-best-batik-2","status":"publish","type":"product","link":"https:\/\/troycity.net\/de\/product\/baby-best-batik-2\/","title":{"rendered":"BABY BEST BATIK"},"content":{"rendered":"","protected":false},"excerpt":{"rendered":"<ul>\n<li>Anti-Pilling-Acryl &#8211; 90% Acryl &#8211; 10% Bambus<\/li>\n<li>100 Gramm \u2013 240 m pro Ball, der Preis ist pro Ball und Mehrwertsteuer ist inbegriffen.<\/li>\n<li>Stricken Nadel Gr\u00f6\u00dfe; 4 &#8211; 5 mm<\/li>\n<li>H\u00e4kelnadel Gr\u00f6\u00dfe; 2 \u2013 4mm<\/li>\n<li><label>Jahreszeiten;<\/label> Herbst, Winter<\/li>\n<\/ul>\n","protected":false},"featured_media":32195,"comment_status":"open","ping_status":"closed","template":"","meta":{"iawp_total_views":0},"product_brand":[],"product_cat":[2149,2153],"product_tag":[2160,2162,2290],"class_list":{"0":"post-18226","1":"product","2":"type-product","3":"status-publish","4":"has-post-thumbnail","6":"product_cat-babygarne","7":"product_cat-wintergarne","8":"product_tag-acryl","9":"product_tag-anti-pilling-de","10":"product_tag-bambus","11":"post","12":"post-with-thumbnail","13":"post-with-thumbnail-large","15":"first","16":"instock","17":"sale","18":"taxable","19":"shipping-taxable","20":"purchasable","21":"product-type-variable"},"_links":{"self":[{"href":"https:\/\/troycity.net\/de\/wp-json\/wp\/v2\/product\/18226","targetHints":{"allow":["GET"]}}],"collection":[{"href":"https:\/\/troycity.net\/de\/wp-json\/wp\/v2\/product"}],"about":[{"href":"https:\/\/troycity.net\/de\/wp-json\/wp\/v2\/types\/product"}],"replies":[{"embeddable":true,"href":"https:\/\/troycity.net\/de\/wp-json\/wp\/v2\/comments?post=18226"}],"wp:featuredmedia":[{"embeddable":true,"href":"https:\/\/troycity.net\/de\/wp-json\/wp\/v2\/media\/32195"}],"wp:attachment":[{"href":"https:\/\/troycity.net\/de\/wp-json\/wp\/v2\/media?parent=18226"}],"wp:term":[{"taxonomy":"product_brand","embeddable":true,"href":"https:\/\/troycity.net\/de\/wp-json\/wp\/v2\/product_brand?post=18226"},{"taxonomy":"product_cat","embeddable":true,"href":"https:\/\/troycity.net\/de\/wp-json\/wp\/v2\/product_cat?post=18226"},{"taxonomy":"product_tag","embeddable":true,"href":"https:\/\/troycity.net\/de\/wp-json\/wp\/v2\/product_tag?post=18226"}],"curies":[{"name":"wp","href":"https:\/\/api.w.org\/{rel}","templated":true}]}}