{"id":18127,"date":"2019-08-17T20:37:58","date_gmt":"2019-12-22T17:40:55","guid":{"rendered":"https:\/\/troycity.net\/shop\/unkategorisiert\/softy-plus\/"},"modified":"2024-08-02T12:57:32","modified_gmt":"2024-08-02T10:57:32","slug":"softy-plus","status":"publish","type":"product","link":"https:\/\/troycity.net\/de\/product\/softy-plus\/","title":{"rendered":"SOFTY PLUS"},"content":{"rendered":"","protected":false},"excerpt":{"rendered":"<ul>\n<li>100% Mikropolyester<\/li>\n<li>100 Gramm \u2013 120 m pro Ball, der Preis ist pro Ball.<\/li>\n<li>Stricken Nadel Gr\u00f6\u00dfe; 5 &#8211; 6 mm<\/li>\n<li>H\u00e4keln Haken Gr\u00f6\u00dfe; 3 &#8211; 5 mm<\/li>\n<li><label>Jahreszeiten;<\/label> Herbst, Winter<\/li>\n<\/ul>\n","protected":false},"featured_media":31215,"comment_status":"open","ping_status":"closed","template":"","meta":{"iawp_total_views":12},"product_brand":[],"product_cat":[2153],"product_tag":[],"class_list":{"0":"post-18127","1":"product","2":"type-product","3":"status-publish","4":"has-post-thumbnail","6":"product_cat-wintergarne","7":"post","8":"post-with-thumbnail","9":"post-with-thumbnail-large","11":"first","12":"instock","13":"sale","14":"taxable","15":"shipping-taxable","16":"purchasable","17":"product-type-variable"},"_links":{"self":[{"href":"https:\/\/troycity.net\/de\/wp-json\/wp\/v2\/product\/18127","targetHints":{"allow":["GET"]}}],"collection":[{"href":"https:\/\/troycity.net\/de\/wp-json\/wp\/v2\/product"}],"about":[{"href":"https:\/\/troycity.net\/de\/wp-json\/wp\/v2\/types\/product"}],"replies":[{"embeddable":true,"href":"https:\/\/troycity.net\/de\/wp-json\/wp\/v2\/comments?post=18127"}],"wp:featuredmedia":[{"embeddable":true,"href":"https:\/\/troycity.net\/de\/wp-json\/wp\/v2\/media\/31215"}],"wp:attachment":[{"href":"https:\/\/troycity.net\/de\/wp-json\/wp\/v2\/media?parent=18127"}],"wp:term":[{"taxonomy":"product_brand","embeddable":true,"href":"https:\/\/troycity.net\/de\/wp-json\/wp\/v2\/product_brand?post=18127"},{"taxonomy":"product_cat","embeddable":true,"href":"https:\/\/troycity.net\/de\/wp-json\/wp\/v2\/product_cat?post=18127"},{"taxonomy":"product_tag","embeddable":true,"href":"https:\/\/troycity.net\/de\/wp-json\/wp\/v2\/product_tag?post=18127"}],"curies":[{"name":"wp","href":"https:\/\/api.w.org\/{rel}","templated":true}]}}