{"id":17916,"date":"2019-07-19T18:06:58","date_gmt":"2019-12-20T17:06:48","guid":{"rendered":"https:\/\/troycity.net\/shop\/unkategorisiert\/baby-best\/"},"modified":"2024-08-02T19:50:23","modified_gmt":"2024-08-02T17:50:23","slug":"baby-best-2","status":"publish","type":"product","link":"https:\/\/troycity.net\/de\/product\/baby-best-2\/","title":{"rendered":"BABY BEST"},"content":{"rendered":"","protected":false},"excerpt":{"rendered":"<ul>\n<li>Anti Pilling Acryl &#8211; 90% Acryl -10% Bambus<\/li>\n<li>100 Gramm \u2013 240 m pro Ball, der Preis ist pro Ball und Mehrwertsteuer ist inbegriffen.<\/li>\n<li>Stricken Nadel Gr\u00f6\u00dfe; 4 &#8211; 5 mm<\/li>\n<li>H\u00e4kelnadel Gr\u00f6\u00dfe; 2 \u2013 4mm<\/li>\n<li><label>Jahreszeiten;<\/label> Herbst, Winter<\/li>\n<\/ul>\n","protected":false},"featured_media":31688,"comment_status":"open","ping_status":"closed","template":"","meta":{"iawp_total_views":61},"product_brand":[],"product_cat":[2149],"product_tag":[2162,2291,2290],"class_list":{"0":"post-17916","1":"product","2":"type-product","3":"status-publish","4":"has-post-thumbnail","6":"product_cat-babygarne","7":"product_tag-anti-pilling-de","8":"product_tag-baby-yarns-de","9":"product_tag-bambus","10":"post","11":"post-with-thumbnail","12":"post-with-thumbnail-large","14":"first","15":"instock","16":"sale","17":"taxable","18":"shipping-taxable","19":"purchasable","20":"product-type-variable","21":"has-default-attributes"},"_links":{"self":[{"href":"https:\/\/troycity.net\/de\/wp-json\/wp\/v2\/product\/17916","targetHints":{"allow":["GET"]}}],"collection":[{"href":"https:\/\/troycity.net\/de\/wp-json\/wp\/v2\/product"}],"about":[{"href":"https:\/\/troycity.net\/de\/wp-json\/wp\/v2\/types\/product"}],"replies":[{"embeddable":true,"href":"https:\/\/troycity.net\/de\/wp-json\/wp\/v2\/comments?post=17916"}],"wp:featuredmedia":[{"embeddable":true,"href":"https:\/\/troycity.net\/de\/wp-json\/wp\/v2\/media\/31688"}],"wp:attachment":[{"href":"https:\/\/troycity.net\/de\/wp-json\/wp\/v2\/media?parent=17916"}],"wp:term":[{"taxonomy":"product_brand","embeddable":true,"href":"https:\/\/troycity.net\/de\/wp-json\/wp\/v2\/product_brand?post=17916"},{"taxonomy":"product_cat","embeddable":true,"href":"https:\/\/troycity.net\/de\/wp-json\/wp\/v2\/product_cat?post=17916"},{"taxonomy":"product_tag","embeddable":true,"href":"https:\/\/troycity.net\/de\/wp-json\/wp\/v2\/product_tag?post=17916"}],"curies":[{"name":"wp","href":"https:\/\/api.w.org\/{rel}","templated":true}]}}