{"id":45021,"date":"2025-09-08T23:18:24","date_gmt":"2025-09-08T21:18:24","guid":{"rendered":"https:\/\/troycity.net\/bedingungen-und-konditionen-2\/"},"modified":"2025-09-08T23:18:24","modified_gmt":"2025-09-08T21:18:24","slug":"bedingungen-und-konditionen-2","status":"publish","type":"page","link":"https:\/\/troycity.net\/de\/bedingungen-und-konditionen-2\/","title":{"rendered":"Bedingungen und Konditionen"},"content":{"rendered":"<div class=\"Layout1 GeneralLayout Div\">\n<div class=\"Middle\">\n<div class=\"ContentArea\">\n<div class=\"ContentAreaInner\">\n<div class=\"ContentAreaWrapper\">\n<div class=\"TermsAndConditions\">\n<div class=\"Layout1 GeneralLayout Div\">\n<div class=\"Middle\">\n<div class=\"ContentArea\">\n<div class=\"ContentAreaInner\">\n<div class=\"ContentAreaWrapper\">\n<div class=\"TermsAndConditions\">\n<p><strong>Allgemeine Bedingungen und Konditionen<\/strong><\/p>\n<div class=\"gray p20\">\n<div class=\"mainProductList content container\">\n<div class=\"row\">\n<div class=\"col-lg-9 col-sm-9 rightBar\">\n<div class=\"white\">\n<div id=\"post2904820\" class=\"post\">\n<ul class=\"lred dot\">\n<li><span lang=\"en-us\"><b>Farben der Artikel;<\/b> Obwohl wir unser Bestes tun, um die Originalfarben der Artikel wiederzugeben, k\u00f6nnen einige Farben auf den Fotos etwas anders aussehen. Dies liegt auch an den unterschiedlichen Eigenschaften von Computermonitoren. <\/span><\/li>\n<li><strong>Zahlungen; <\/strong><span lang=\"en-us\">Die Artikel werden versandt, nachdem die Zahlung f\u00fcr die Bestellung vollst\u00e4ndig eingegangen ist. Die Zahlung kann per Kreditkarte, PayPal und \u00dcberweisung erfolgen. <\/span><\/li>\n<li><span lang=\"en-us\"><b>Versandzeit; <\/b>Bestellungen werden innerhalb von drei Werktagen (meist am selben Tag) nach Zahlungseingang der Bestellung versandt. Sonntags und Samstagnachmittag sowie an nationalen Feiertagen sind wir geschlossen. <\/span><\/li>\n<li><span lang=\"en-us\"><b>Herkunft der Sendungen; <\/b>Wir befinden uns in Ungarn, und die Artikel werden aus Ungarn, Budapest, versandt. <\/span><\/li>\n<li><b><span lang=\"en-us\">Versandoptionen; <\/span><\/b>Sie k\u00f6nnen zwischen Expressversand und normalem Einschreiben w\u00e4hlen. Wenn Sie f\u00fcr Ihre Bestellung die Option Einschreiben gew\u00e4hlt haben, versenden wir die Artikel mit der normalen Post und die Lieferung erfolgt \u00fcber das offizielle Postsystem des Ziellandes. F\u00fcr den Expressversand stehen mehrere Optionen mit unterschiedlichen Kosten und Lieferzeiten zur Verf\u00fcgung. Damit Ihre Bestellung so schnell wie m\u00f6glich zugestellt werden kann, geben Sie bitte Ihre Adresse so deutlich wie m\u00f6glich an, au\u00dferdem muss eine g\u00fcltige Telefonnummer angegeben werden. Bitte geben Sie f\u00fcr diese Option keine Postfachadresse an.    <\/li>\n<li><b>Zollgeb\u00fchren und -abgaben;<\/b> Bei den meisten unserer Transaktionen haben wir keine Probleme mit dem Zoll, und f\u00fcr die Bestellungen fallen keine Zollgeb\u00fchren und -abgaben an, da der Wert der Bestellungen und der freie Warenverkehr zwischen den EU-Mitgliedstaaten ohne Kontrollen und Zollformalit\u00e4ten gew\u00e4hrleistet sind. Wir m\u00f6chten Sie jedoch darauf hinweisen, dass wir weder f\u00fcr die Erhebung zus\u00e4tzlicher Zoll- oder Maklergeb\u00fchren verantwortlich sind, noch an der Festlegung solcher Geb\u00fchren beteiligt sind. <\/li>\n<li><strong><b>Pr\u00fcfung der Waren; <\/b><\/strong>Der Kunde muss die Lieferung sofort nach Erhalt auf ihre Vollst\u00e4ndigkeit \u00fcberpr\u00fcfen. Sollte die Ware durch die Lieferung sichtbar besch\u00e4digt sein, ist dies vom Transportunternehmen vor Ort zu vermerken. Beanstandungen wegen unvollst\u00e4ndiger oder falscher Lieferung oder offensichtlicher M\u00e4ngel sind unverz\u00fcglich per Post an TROY CITY LTD. SHOP (<a href=\"mailto:info@troycity.net\"><u>info@troycity.net<\/u><\/a>)   <\/li>\n<li><strong><b>Garantie gegen Defekte;<\/b><\/strong> Wenn Sie einen fehlerhaften oder besch\u00e4digten Artikel, die falsche Gr\u00f6\u00dfe, die falsche Farbe oder das falsche Produkt erhalten haben, schreiben Sie bitte eine E-Mail (<a href=\"mailto:info@troycity.net\"><u>info@troycity.net<\/u><\/a>)an uns innerhalb von 14 Tagen nach Erhalt des Artikels und beschreiben Sie das Problem, zusammen mit Ihrer Bestellnummer. Bei defekten, falschen oder nicht der Beschreibung entsprechenden Artikeln senden Sie uns bitte ein deutliches Foto oder Video des Problems. Wir k\u00f6nnen Ihnen entweder den vollen Kaufpreis zur\u00fcckerstatten oder Ihnen einen anderen identischen oder \u00e4hnlichen Artikel zusenden, je nach Ihrer Entscheidung.  <\/li>\n<li><strong><b>Recht auf Widerruf; <\/b><\/strong>Der Kunde hat ein Widerrufsrecht innerhalb von 14 Tagen nach Lieferung der Ware. Wenn Sie mit dem Kauf aus irgendeinem Grund, einschlie\u00dflich der Farbe des Artikels, unzufrieden sind, k\u00f6nnen wir Ihnen die Kosten f\u00fcr den Artikel erstatten. In diesem Fall werden jedoch die Kosten f\u00fcr das Original und die R\u00fccksendung nicht erstattet, der K\u00e4ufer tr\u00e4gt die Kosten f\u00fcr den Versand. Bitte legen Sie der R\u00fccksendung einen Einzahlungsbeleg bei oder geben Sie Ihre Bank- oder Postverbindung f\u00fcr die Zahlung an. R\u00fccksendungen sind an unsere Adresse und mit ausreichender Verpackungsqualit\u00e4t zu senden. Dies ist am besten gew\u00e4hrleistet, wenn Sie eine Verpackung verwenden, die der unseren \u00e4hnlich ist. Das Verlustrisiko bei der R\u00fccksendung geht zu Lasten des Kunden.      <\/li>\n<\/ul>\n<\/div>\n<\/div>\n<\/div>\n<\/div>\n<\/div>\n<\/div>\n<\/div>\n<\/div>\n<\/div>\n<\/div>\n<\/div>\n<\/div>\n<\/div>\n<\/div>\n<\/div>\n<\/div>\n<\/div>\n<\/div>\n<div class=\"Layout1 GeneralLayout Div\">\n<div class=\"Middle\">\n<div class=\"ContentArea\">\n<div class=\"ContentAreaInner\">\n<div class=\"ContentAreaWrapper\">\n<div class=\"TermsAndConditions\">\n<div>\n<p><strong>Im Falle von Unterschieden zwischen der englischen und der anderssprachigen Version der Allgemeinen Gesch\u00e4ftsbedingungen gilt immer die englische Version.<\/strong><\/p>\n<p>Troy City Kft.<\/p>\n<\/div>\n<\/div>\n<\/div>\n<\/div>\n<\/div>\n<\/div>\n<\/div>\n<div class=\"Layout1 GeneralLayout Div\">\n<div class=\"Middle\">\n<div class=\"ContentArea\">\n<div class=\"ContentAreaInner\">\n<div class=\"ContentAreaWrapper\">\n<div class=\"TermsAndConditions\">\n<p>B\u00fcroadresse: 1195 Budapest, J\u00f3zsef Attila utca 81. 1\/3 Ungarn <\/p>\n<p>Lageradresse: 1135 Budapest, Raktar utca 4. 1\/5 Ungarn <\/p>\n<p>Whatsup Telefonnummer: +905423249952<\/p>\n<p><a href=\"mailto:info@troycity.net\"><u>info@troycity.net<\/u><\/a>)<\/p>\n<\/div>\n<\/div>\n<\/div>\n<\/div>\n<\/div>\n<\/div>\n<p>&nbsp;<\/p>\n","protected":false},"excerpt":{"rendered":"<p>Allgemeine Bedingungen und Konditionen Farben der Artikel; Obwohl wir unser Bestes tun, um die Originalfarben der Artikel wiederzugeben, k\u00f6nnen einige Farben auf den Fotos etwas anders aussehen. Dies liegt auch an den unterschiedlichen Eigenschaften von Computermonitoren. Zahlungen; Die Artikel werden versandt, nachdem die Zahlung f\u00fcr die Bestellung vollst\u00e4ndig eingegangen ist. Die Zahlung kann per Kreditkarte, [&hellip;]<\/p>\n","protected":false},"author":1,"featured_media":0,"parent":0,"menu_order":0,"comment_status":"closed","ping_status":"closed","template":"","meta":{"iawp_total_views":0,"footnotes":""},"class_list":["post-45021","page","type-page","status-publish","hentry","post"],"_links":{"self":[{"href":"https:\/\/troycity.net\/de\/wp-json\/wp\/v2\/pages\/45021","targetHints":{"allow":["GET"]}}],"collection":[{"href":"https:\/\/troycity.net\/de\/wp-json\/wp\/v2\/pages"}],"about":[{"href":"https:\/\/troycity.net\/de\/wp-json\/wp\/v2\/types\/page"}],"author":[{"embeddable":true,"href":"https:\/\/troycity.net\/de\/wp-json\/wp\/v2\/users\/1"}],"replies":[{"embeddable":true,"href":"https:\/\/troycity.net\/de\/wp-json\/wp\/v2\/comments?post=45021"}],"version-history":[{"count":0,"href":"https:\/\/troycity.net\/de\/wp-json\/wp\/v2\/pages\/45021\/revisions"}],"wp:attachment":[{"href":"https:\/\/troycity.net\/de\/wp-json\/wp\/v2\/media?parent=45021"}],"curies":[{"name":"wp","href":"https:\/\/api.w.org\/{rel}","templated":true}]}}