{"id":44972,"date":"2025-09-08T11:37:17","date_gmt":"2025-09-08T09:37:17","guid":{"rendered":"https:\/\/troycity.net\/kontakt-details\/"},"modified":"2025-09-08T19:44:12","modified_gmt":"2025-09-08T17:44:12","slug":"kontakt-details","status":"publish","type":"page","link":"https:\/\/troycity.net\/de\/kontakt-details\/","title":{"rendered":"Kontakt Details"},"content":{"rendered":"<p><strong><b>Wie Sie uns kontaktieren k\u00f6nnen; <\/b><\/strong><\/p>\n<p>Wir bei Troy City Ltd Company verpflichten uns, Ihre Daten zu sch\u00fctzen. Wir freuen uns \u00fcber Ihr Feedback und beantworten gerne alle Fragen, die Sie zu Ihren Daten haben. Bitte wenden Sie sich mit Ihren Fragen, Kommentaren oder Bitten um weitere Informationen an unseren ernannten Vertreter und Datenschutzbeauftragten Sinan Pravadalioglu, den Sie erreichen k\u00f6nnen unter <u><a href=\"mailto:info@troycity.net\">info@troycity.net<\/a><\/u><u><\/u><\/p>\n<p>Dieser Datenschutzhinweis wurde zuletzt aktualisiert am 27. Juli 2025<\/p>\n<p>\u00c4nderungen an dieser Datenschutzerkl\u00e4rung; Diese Erkl\u00e4rung ist nicht Teil eines Vertrages zur Erbringung von Dienstleistungen. Wir k\u00f6nnen diese Erkl\u00e4rung jederzeit aktualisieren.<\/p>\n<p>\u00dcber Troy City Kft.; Ungarische Gesellschaft mit beschr\u00e4nkter Haftung,<\/p>\n<p>B\u00fcroadresse: 1195 Budapest, J\u00f3zsef Attila utca 81. 1\/3 Ungarn<\/p>\n<p>Lageradresse: 1135 Budapest, Raktar utca 4. 1\/5 Ungarn<\/p>\n<p>Whatsup Telefonnummer: +905423249952<\/p>\n<p><u><a href=\"mailto:info@troycity.net\">info@troycity.net<\/a><\/u><\/p>\n<p>Registrierte Firmennummer: 01-09-437921<\/p>\n<p>Ungarn MwSt.-Nummer: 14266210-2-43<\/p>\n","protected":false},"excerpt":{"rendered":"<p>Wie Sie uns kontaktieren k\u00f6nnen; Wir bei Troy City Ltd Company verpflichten uns, Ihre Daten zu sch\u00fctzen. Wir freuen uns \u00fcber Ihr Feedback und beantworten gerne alle Fragen, die Sie zu Ihren Daten haben. Bitte wenden Sie sich mit Ihren Fragen, Kommentaren oder Bitten um weitere Informationen an unseren ernannten Vertreter und Datenschutzbeauftragten Sinan Pravadalioglu, [&hellip;]<\/p>\n","protected":false},"author":1,"featured_media":0,"parent":0,"menu_order":0,"comment_status":"closed","ping_status":"closed","template":"","meta":{"iawp_total_views":4,"footnotes":""},"class_list":["post-44972","page","type-page","status-publish","hentry","post"],"_links":{"self":[{"href":"https:\/\/troycity.net\/de\/wp-json\/wp\/v2\/pages\/44972","targetHints":{"allow":["GET"]}}],"collection":[{"href":"https:\/\/troycity.net\/de\/wp-json\/wp\/v2\/pages"}],"about":[{"href":"https:\/\/troycity.net\/de\/wp-json\/wp\/v2\/types\/page"}],"author":[{"embeddable":true,"href":"https:\/\/troycity.net\/de\/wp-json\/wp\/v2\/users\/1"}],"replies":[{"embeddable":true,"href":"https:\/\/troycity.net\/de\/wp-json\/wp\/v2\/comments?post=44972"}],"version-history":[{"count":1,"href":"https:\/\/troycity.net\/de\/wp-json\/wp\/v2\/pages\/44972\/revisions"}],"predecessor-version":[{"id":44982,"href":"https:\/\/troycity.net\/de\/wp-json\/wp\/v2\/pages\/44972\/revisions\/44982"}],"wp:attachment":[{"href":"https:\/\/troycity.net\/de\/wp-json\/wp\/v2\/media?parent=44972"}],"curies":[{"name":"wp","href":"https:\/\/api.w.org\/{rel}","templated":true}]}}