{"id":16569,"date":"2019-12-09T20:40:29","date_gmt":"2019-12-09T19:40:29","guid":{"rendered":"https:\/\/troycity.net\/ueber-uns\/"},"modified":"2025-09-07T18:17:42","modified_gmt":"2025-09-07T16:17:42","slug":"ueber-uns","status":"publish","type":"page","link":"https:\/\/troycity.net\/de\/ueber-uns\/","title":{"rendered":"\u00dcber uns"},"content":{"rendered":"<p>Wir verkaufen hochwertige Alize-Garne und Schn\u00fcre, Seile, Decken, Stretchfolien, Blasenfolien und einige Produkte f\u00fcr den t\u00e4glichen Gebrauch zu sehr g\u00fcnstigen Preisen. Wir sind immer auf der Suche nach neuen Produkten und anderen Leckereien auf Lager, so kommen Sie regelm\u00e4\u00dfig zur\u00fcck und sehen, was wir haben (oder lassen Sie uns wissen, wenn es etwas, was Sie gerne sehen w\u00fcrde). Wenn Sie Anregungen, Kommentare oder Fragen haben, k\u00f6nnen Sie sich gerne an uns wenden, und wir werden uns so schnell wie m\u00f6glich bei Ihnen melden. Wir hoffen, dass Sie genau das finden, was Sie f\u00fcr Ihr Projekt suchen. Wenn Sie daran interessiert sind, unsere Artikel weiterzuverkaufen und unsere Artikel in Gro\u00dfhandelsmengen zu kaufen, k\u00f6nnen wir auch Ihre Bed\u00fcrfnisse f\u00fcr diese Anfragen erf\u00fcllen. Wir bieten Rabatte f\u00fcr Gro\u00dfhandelsmengen. Wir sind in Budapest, Ungarn, ans\u00e4ssig &#8211; versenden aber Bestellungen weltweit. Der Kunde hat das Recht, innerhalb von 14 Tagen nach Lieferung der Ware vom Vertrag zur\u00fcckzutreten.<\/p>\n","protected":false},"excerpt":{"rendered":"<p>Wir verkaufen hochwertige Alize-Garne und Schn\u00fcre, Seile, Decken, Stretchfolien, Blasenfolien und einige Produkte f\u00fcr den t\u00e4glichen Gebrauch zu sehr g\u00fcnstigen Preisen. Wir sind immer auf der Suche nach neuen Produkten und anderen Leckereien auf Lager, so kommen Sie regelm\u00e4\u00dfig zur\u00fcck und sehen, was wir haben (oder lassen Sie uns wissen, wenn es etwas, was Sie [&hellip;]<\/p>\n","protected":false},"author":1,"featured_media":0,"parent":0,"menu_order":0,"comment_status":"closed","ping_status":"closed","template":"","meta":{"iawp_total_views":4,"footnotes":""},"class_list":["post-16569","page","type-page","status-publish","hentry","post"],"_links":{"self":[{"href":"https:\/\/troycity.net\/de\/wp-json\/wp\/v2\/pages\/16569","targetHints":{"allow":["GET"]}}],"collection":[{"href":"https:\/\/troycity.net\/de\/wp-json\/wp\/v2\/pages"}],"about":[{"href":"https:\/\/troycity.net\/de\/wp-json\/wp\/v2\/types\/page"}],"author":[{"embeddable":true,"href":"https:\/\/troycity.net\/de\/wp-json\/wp\/v2\/users\/1"}],"replies":[{"embeddable":true,"href":"https:\/\/troycity.net\/de\/wp-json\/wp\/v2\/comments?post=16569"}],"version-history":[{"count":3,"href":"https:\/\/troycity.net\/de\/wp-json\/wp\/v2\/pages\/16569\/revisions"}],"predecessor-version":[{"id":44930,"href":"https:\/\/troycity.net\/de\/wp-json\/wp\/v2\/pages\/16569\/revisions\/44930"}],"wp:attachment":[{"href":"https:\/\/troycity.net\/de\/wp-json\/wp\/v2\/media?parent=16569"}],"curies":[{"name":"wp","href":"https:\/\/api.w.org\/{rel}","templated":true}]}}